{"id":2215,"date":"2023-12-26T11:09:43","date_gmt":"2023-12-26T10:09:43","guid":{"rendered":"https:\/\/web.ebsys.be\/eCommerce\/?page_id=2215"},"modified":"2024-01-10T10:46:27","modified_gmt":"2024-01-10T09:46:27","slug":"2215-2","status":"publish","type":"page","link":"https:\/\/web.ebsys.be\/eCommerce\/?page_id=2215","title":{"rendered":"AGENDA DES D\u00c9GUSTATIONS &amp; MASTERCLASSES"},"content":{"rendered":"\n<p><\/p>\n\n\n\n<div class=\"wp-block-cover alignfull\" style=\"min-height:983px;aspect-ratio:unset;\"><span aria-hidden=\"true\" class=\"wp-block-cover__background has-background-dim\"><\/span><img loading=\"lazy\" decoding=\"async\" width=\"1024\" height=\"273\" class=\"wp-block-cover__image-background wp-image-2231\" alt=\"\" src=\"https:\/\/web.ebsys.be\/eCommerce\/wp-content\/uploads\/2023\/12\/bandeau-rhum-1024x273.jpg\" data-object-fit=\"cover\" srcset=\"https:\/\/web.ebsys.be\/eCommerce\/wp-content\/uploads\/2023\/12\/bandeau-rhum-1024x273.jpg 1024w, https:\/\/web.ebsys.be\/eCommerce\/wp-content\/uploads\/2023\/12\/bandeau-rhum-300x80.jpg 300w, https:\/\/web.ebsys.be\/eCommerce\/wp-content\/uploads\/2023\/12\/bandeau-rhum-768x205.jpg 768w, https:\/\/web.ebsys.be\/eCommerce\/wp-content\/uploads\/2023\/12\/bandeau-rhum.jpg 1500w\" sizes=\"auto, (max-width: 1024px) 100vw, 1024px\" \/><div class=\"wp-block-cover__inner-container is-layout-flow wp-block-cover-is-layout-flow\">\n<h1 class=\"wp-block-heading has-text-align-center has-nv-site-bg-color has-text-color has-link-color wp-elements-0c1e09cff2ca7be5cf3e9a633ee271cd\" style=\"font-size:46px\">AGENDA DES D\u00c9GUSTATIONS &amp; MASTERCLASSES<\/h1>\n\n\n\n<div style=\"height:36px\" aria-hidden=\"true\" class=\"wp-block-spacer\"><\/div>\n\n\n\n<div class=\"wp-block-group alignfull is-content-justification-center is-nowrap is-layout-flex wp-container-core-group-is-layout-94bc23d7 wp-block-group-is-layout-flex\">\n<iframe loading=\"lazy\" src=\"https:\/\/calendar.google.com\/calendar\/embed?src=pon8r8ljre4pggek2539lhcvn0%40group.calendar.google.com&#038;ctz=Europe%2FBrussels\" style=\"border: 0\" width=\"800\" height=\"600\" frameborder=\"0\" scrolling=\"no\"><\/iframe>\n\n\n\n<div style=\"height:100px;width:0px\" aria-hidden=\"true\" class=\"wp-block-spacer wp-container-content-6388d5dc\"><\/div>\n\n\n\n<iframe loading=\"lazy\" src=\"https:\/\/calendar.google.com\/calendar\/embed?src=9pm1m8724mnjp8df4rco9eaino%40group.calendar.google.com&#038;ctz=Europe%2FBrussels\" style=\"border: 0\" width=\"800\" height=\"600\" frameborder=\"0\" scrolling=\"no\"><\/iframe>\n<\/div>\n<\/div><\/div>\n\n\n\n<div style=\"height:100px\" aria-hidden=\"true\" class=\"wp-block-spacer\"><\/div>\n\n\n\n<h1 class=\"wp-block-heading has-text-align-center\">\u00c0 d\u00e9couvrir cette semaine<\/h1>\n\n\n\n<div style=\"height:37px\" aria-hidden=\"true\" class=\"wp-block-spacer\"><\/div>\n\n\n\n<div class=\"wp-block-group alignwide is-content-justification-center is-nowrap is-layout-flex wp-container-core-group-is-layout-94bc23d7 wp-block-group-is-layout-flex\">\n<div class=\"wp-block-columns alignfull is-layout-flex wp-container-core-columns-is-layout-829b1d53 wp-block-columns-is-layout-flex\" style=\"margin-bottom:0\">\n<div class=\"wp-block-column has-text-color has-background has-link-color wp-elements-be08109fa3f39b8d1eb7a8a81ff16336 is-layout-flow wp-block-column-is-layout-flow\" style=\"color:#000000;background-color:#dd7f3b;padding-top:2em;padding-right:2em;padding-bottom:2em;padding-left:2em\"><div class=\"wp-block-image is-style-default\">\n<figure class=\"aligncenter size-full is-resized\"><a href=\"https:\/\/www.legrand-drinks.be\/soft\/\"><img loading=\"lazy\" decoding=\"async\" width=\"300\" height=\"300\" src=\"https:\/\/web.ebsys.be\/eCommerce\/wp-content\/uploads\/2023\/10\/legrand-soft-300x300-1.jpg\" alt=\"\" class=\"wp-image-697\" style=\"width:400px\" srcset=\"https:\/\/web.ebsys.be\/eCommerce\/wp-content\/uploads\/2023\/10\/legrand-soft-300x300-1.jpg 300w, https:\/\/web.ebsys.be\/eCommerce\/wp-content\/uploads\/2023\/10\/legrand-soft-300x300-1-150x150.jpg 150w\" sizes=\"auto, (max-width: 300px) 100vw, 300px\" \/><\/a><\/figure>\n<\/div>\n\n\n<hr class=\"wp-block-separator has-text-color has-css-opacity has-background is-style-wide\" style=\"background-color:#000000;color:#000000\"\/>\n\n\n\n<div style=\"height:27px\" aria-hidden=\"true\" class=\"wp-block-spacer\"><\/div>\n\n\n\n<div class=\"wp-block-group has-medium-font-size\"><div class=\"wp-block-group__inner-container is-layout-constrained wp-block-group-is-layout-constrained\">\n<div class=\"wp-block-group has-small-font-size\"><div class=\"wp-block-group__inner-container is-layout-constrained wp-block-group-is-layout-constrained\">\n<h1 class=\"wp-block-heading has-text-align-center has-nv-site-bg-color has-text-color has-link-color wp-elements-ca927b488f7dd3938cf2f395e55c28d1\">NOS JUS DE FRUITS. <\/h1>\n\n\n\n<h2 class=\"wp-block-heading has-text-align-center has-nv-light-bg-color has-text-color has-link-color wp-elements-ae67473b1917f341e3e002a17951534a\" style=\"font-size:20px\">Des eaux, des softs, des jus de fruits.<\/h2>\n\n\n\n<div class=\"wp-block-group has-medium-font-size\"><div class=\"wp-block-group__inner-container is-layout-constrained wp-block-group-is-layout-constrained\">\n<div class=\"wp-block-group has-medium-font-size\"><div class=\"wp-block-group__inner-container is-layout-constrained wp-block-group-is-layout-constrained\">\n<h2 class=\"wp-block-heading has-text-align-center has-nv-light-bg-color has-text-color has-link-color wp-elements-eb34b60e42777ba3b388fd53e137ac56\" style=\"font-size:20px\">Des boissons gazeuses, dans tous les formats et dans tous les conditionnements.<a href=\"https:\/\/www.legrand-drinks.be\/soft\/\"><\/a><\/h2>\n<\/div><\/div>\n<\/div><\/div>\n<\/div><\/div>\n<\/div><\/div>\n\n\n\n<div style=\"height:37px\" aria-hidden=\"true\" class=\"wp-block-spacer\"><\/div>\n\n\n\n<div class=\"wp-block-buttons is-horizontal is-content-justification-center is-layout-flex wp-container-core-buttons-is-layout-499968f5 wp-block-buttons-is-layout-flex\">\n<div class=\"wp-block-button has-custom-width wp-block-button__width-100\"><a class=\"wp-block-button__link has-white-color has-text-color has-background no-border-radius wp-element-button\" href=\"https:\/\/www.legrand-drinks.be\/soft\/\" style=\"background-color:#000000\">VOIR NOS JUS<\/a><\/div>\n<\/div>\n<\/div>\n\n\n\n<div class=\"wp-block-column has-text-color has-background has-link-color wp-elements-dc33be059a29752af51c4c4092da8c0e is-layout-flow wp-block-column-is-layout-flow\" style=\"color:#000000;background-color:#dd7f3b;padding-top:2em;padding-right:2em;padding-bottom:2em;padding-left:2em\"><div class=\"wp-block-image\">\n<figure class=\"aligncenter size-full is-resized\"><a href=\"https:\/\/www.legrand-drinks.be\/biere\/\"><img loading=\"lazy\" decoding=\"async\" width=\"300\" height=\"300\" src=\"https:\/\/web.ebsys.be\/eCommerce\/wp-content\/uploads\/2023\/10\/legrand-biere-300x300-1.jpg\" alt=\"\" class=\"wp-image-698\" style=\"width:400px\" srcset=\"https:\/\/web.ebsys.be\/eCommerce\/wp-content\/uploads\/2023\/10\/legrand-biere-300x300-1.jpg 300w, https:\/\/web.ebsys.be\/eCommerce\/wp-content\/uploads\/2023\/10\/legrand-biere-300x300-1-150x150.jpg 150w\" sizes=\"auto, (max-width: 300px) 100vw, 300px\" \/><\/a><\/figure>\n<\/div>\n\n\n<hr class=\"wp-block-separator has-css-opacity is-style-wide\"\/>\n\n\n\n<div style=\"height:28px\" aria-hidden=\"true\" class=\"wp-block-spacer\"><\/div>\n\n\n\n<h1 class=\"wp-block-heading has-text-align-center has-nv-site-bg-color has-text-color has-link-color wp-elements-46c5e4e3bdef92bce4c85f55cd6329a7\">NOS BIERES. <\/h1>\n\n\n\n<h2 class=\"wp-block-heading has-text-align-center has-nv-light-bg-color has-text-color has-link-color wp-elements-0ac91529c6763f2422c3c6cb12856e85\" style=\"font-size:20px\">Plus de 400 bi\u00e8res, belges et \u00e9trang\u00e8res, de toutes les couleurs.<\/h2>\n\n\n\n<h2 class=\"wp-block-heading has-text-align-center has-nv-light-bg-color has-text-color has-link-color wp-elements-7b1b92d3da023236bf987e9e7eecef60\" style=\"font-size:20px\">Disponibles en 75cl ou magnums et pour tous les go\u00fbts.<\/h2>\n\n\n\n<div style=\"height:79px\" aria-hidden=\"true\" class=\"wp-block-spacer\"><\/div>\n\n\n\n<div class=\"wp-block-buttons is-horizontal is-content-justification-center is-layout-flex wp-container-core-buttons-is-layout-499968f5 wp-block-buttons-is-layout-flex\">\n<div class=\"wp-block-button has-custom-width wp-block-button__width-100 is-style-fill\"><a class=\"wp-block-button__link has-white-color has-text-color has-background no-border-radius wp-element-button\" href=\"https:\/\/www.legrand-drinks.be\/biere\/\" style=\"background-color:#000000\">VOIR NOS BIERES<\/a><\/div>\n<\/div>\n<\/div>\n\n\n\n<div class=\"wp-block-column has-text-color has-background has-link-color wp-elements-2b6b84c452a11b50156791c49c84258e is-layout-flow wp-block-column-is-layout-flow\" style=\"color:#000000;background-color:#dd7f3b;padding-top:2em;padding-right:2em;padding-bottom:2em;padding-left:2em\"><div class=\"wp-block-image\">\n<figure class=\"aligncenter size-full is-resized\"><a href=\"https:\/\/www.legrand-drinks.be\/vin\/\"><img loading=\"lazy\" decoding=\"async\" width=\"300\" height=\"300\" src=\"https:\/\/web.ebsys.be\/eCommerce\/wp-content\/uploads\/2023\/10\/legrand-vin-300x300-1.jpg\" alt=\"\" class=\"wp-image-699\" style=\"aspect-ratio:1;width:400px;height:auto\" srcset=\"https:\/\/web.ebsys.be\/eCommerce\/wp-content\/uploads\/2023\/10\/legrand-vin-300x300-1.jpg 300w, https:\/\/web.ebsys.be\/eCommerce\/wp-content\/uploads\/2023\/10\/legrand-vin-300x300-1-150x150.jpg 150w\" sizes=\"auto, (max-width: 300px) 100vw, 300px\" \/><\/a><\/figure>\n<\/div>\n\n\n<hr class=\"wp-block-separator has-css-opacity is-style-wide\"\/>\n\n\n\n<div style=\"height:28px\" aria-hidden=\"true\" class=\"wp-block-spacer\"><\/div>\n\n\n\n<h1 class=\"wp-block-heading has-text-align-center has-nv-site-bg-color has-text-color has-link-color wp-elements-df187dbb0535792e9246157277b7a2b9\">NOS VINS.<\/h1>\n\n\n\n<div style=\"height:15px\" aria-hidden=\"true\" class=\"wp-block-spacer\"><\/div>\n\n\n\n<h2 class=\"wp-block-heading has-text-align-center has-nv-light-bg-color has-text-color has-link-color wp-elements-21abfd75353675d4578eaf81c6555c93\" style=\"font-size:20px\">Un rayon vins pr\u00e9sentant pr\u00e8s de 350 r\u00e9f\u00e9rences.<\/h2>\n\n\n\n<h2 class=\"wp-block-heading has-text-align-center has-nv-light-bg-color has-text-color has-link-color wp-elements-21abfd75353675d4578eaf81c6555c93\" style=\"font-size:20px\">Un rayon vins pr\u00e9sentant pr\u00e8s de 350 r\u00e9f\u00e9rences.<\/h2>\n\n\n\n<div style=\"height:111px\" aria-hidden=\"true\" class=\"wp-block-spacer\"><\/div>\n\n\n\n<div class=\"wp-block-buttons is-horizontal is-content-justification-center is-layout-flex wp-container-core-buttons-is-layout-499968f5 wp-block-buttons-is-layout-flex\">\n<div class=\"wp-block-button has-custom-width wp-block-button__width-100\"><a class=\"wp-block-button__link has-white-color has-text-color has-background no-border-radius wp-element-button\" href=\"https:\/\/www.legrand-drinks.be\/vin\/\" style=\"background-color:#000000\">VOIR NOS VINS  <\/a><\/div>\n<\/div>\n<\/div>\n\n\n\n<div class=\"wp-block-column has-text-color has-background has-link-color wp-elements-98d22d29d55334dc1d1c63c0ba12d480 is-layout-flow wp-block-column-is-layout-flow\" style=\"color:#000000;background-color:#dd7f3b;padding-top:2em;padding-right:2em;padding-bottom:2em;padding-left:2em\"><div class=\"wp-block-image\">\n<figure class=\"aligncenter size-full is-resized\"><a href=\"https:\/\/www.legrand-drinks.be\/champagne-mousseux\/\"><img loading=\"lazy\" decoding=\"async\" width=\"300\" height=\"300\" src=\"https:\/\/web.ebsys.be\/eCommerce\/wp-content\/uploads\/2023\/10\/legrand-champagne-300x300-1.jpg\" alt=\"\" class=\"wp-image-700\" style=\"aspect-ratio:1;width:400px\" srcset=\"https:\/\/web.ebsys.be\/eCommerce\/wp-content\/uploads\/2023\/10\/legrand-champagne-300x300-1.jpg 300w, https:\/\/web.ebsys.be\/eCommerce\/wp-content\/uploads\/2023\/10\/legrand-champagne-300x300-1-150x150.jpg 150w\" sizes=\"auto, (max-width: 300px) 100vw, 300px\" \/><\/a><\/figure>\n<\/div>\n\n\n<hr class=\"wp-block-separator has-text-color has-nv-dark-bg-color has-alpha-channel-opacity has-nv-dark-bg-background-color has-background is-style-wide\"\/>\n\n\n\n<div style=\"height:28px\" aria-hidden=\"true\" class=\"wp-block-spacer\"><\/div>\n\n\n\n<h1 class=\"wp-block-heading has-text-align-center has-nv-site-bg-color has-text-color has-link-color wp-elements-e9348ab1fdfae28f525c145cfae7c4fa\">NOS CHAMPAGNES.<\/h1>\n\n\n\n<h2 class=\"wp-block-heading has-text-align-center has-nv-light-bg-color has-text-color has-link-color wp-elements-e1bcb6fc63324df49df16ff7188711f3\" style=\"font-size:20px\">Des champagnes, mousseux et cava dans toutes les cat\u00e9gories.<\/h2>\n\n\n\n<h2 class=\"wp-block-heading has-text-align-center has-nv-light-bg-color has-text-color has-link-color wp-elements-1a3c4f6f2fb279dc07985b47ba4b207f\" style=\"font-size:20px\">Pour des petits plaisirs p\u00e9tillants&nbsp;et gourmands.<\/h2>\n\n\n\n<div style=\"height:11px\" aria-hidden=\"true\" class=\"wp-block-spacer\"><\/div>\n\n\n\n<div style=\"height:0px\" aria-hidden=\"true\" class=\"wp-block-spacer\"><\/div>\n\n\n\n<div class=\"wp-block-buttons is-horizontal is-content-justification-center is-layout-flex wp-container-core-buttons-is-layout-499968f5 wp-block-buttons-is-layout-flex\">\n<div class=\"wp-block-button has-custom-width wp-block-button__width-100\"><a class=\"wp-block-button__link has-white-color has-text-color has-background no-border-radius wp-element-button\" href=\"https:\/\/www.legrand-drinks.be\/champagne-mousseux\/\" style=\"background-color:#000000\">VOIR NOS CHAMPAGNES<\/a><\/div>\n<\/div>\n<\/div>\n<\/div>\n<\/div>\n\n\n\n<div class=\"wp-block-group alignfull is-content-justification-center is-nowrap is-layout-flex wp-container-core-group-is-layout-94bc23d7 wp-block-group-is-layout-flex\">\n<div class=\"wp-block-columns is-layout-flex wp-container-core-columns-is-layout-9d6595d7 wp-block-columns-is-layout-flex\">\n<div class=\"wp-block-column is-layout-flow wp-block-column-is-layout-flow\" style=\"flex-basis:100%\">\n<div class=\"wp-block-group alignfull\"><div class=\"wp-block-group__inner-container is-layout-constrained wp-block-group-is-layout-constrained\">\n<div class=\"wp-block-columns is-layout-flex wp-container-core-columns-is-layout-9d6595d7 wp-block-columns-is-layout-flex\">\n<div class=\"wp-block-column is-layout-flow wp-block-column-is-layout-flow\" style=\"flex-basis:100%\"><\/div>\n<\/div>\n<\/div><\/div>\n<\/div>\n<\/div>\n<\/div>\n","protected":false},"excerpt":{"rendered":"<p>\u00c0 d\u00e9couvrir cette semaine NOS JUS DE FRUITS. Des eaux, des softs, des jus de fruits. Des boissons gazeuses, dans tous les formats et dans tous les conditionnements. NOS BIERES. Plus de 400 bi\u00e8res, belges et \u00e9trang\u00e8res, de toutes les couleurs. Disponibles en 75cl ou magnums et pour tous les go\u00fbts. NOS VINS. Un rayon&hellip;&nbsp;<a href=\"https:\/\/web.ebsys.be\/eCommerce\/?page_id=2215\" class=\"\" rel=\"bookmark\">Lire la suite &raquo;<span class=\"screen-reader-text\">AGENDA DES D\u00c9GUSTATIONS &amp; MASTERCLASSES<\/span><\/a><\/p>\n","protected":false},"author":1,"featured_media":0,"parent":0,"menu_order":0,"comment_status":"closed","ping_status":"closed","template":"","meta":{"neve_meta_sidebar":"","neve_meta_container":"","neve_meta_enable_content_width":"","neve_meta_content_width":0,"neve_meta_title_alignment":"","neve_meta_author_avatar":"","neve_post_elements_order":"","neve_meta_disable_header":"on","neve_meta_disable_footer":"on","neve_meta_disable_title":"on","footnotes":""},"class_list":["post-2215","page","type-page","status-publish","hentry"],"_links":{"self":[{"href":"https:\/\/web.ebsys.be\/eCommerce\/index.php?rest_route=\/wp\/v2\/pages\/2215","targetHints":{"allow":["GET"]}}],"collection":[{"href":"https:\/\/web.ebsys.be\/eCommerce\/index.php?rest_route=\/wp\/v2\/pages"}],"about":[{"href":"https:\/\/web.ebsys.be\/eCommerce\/index.php?rest_route=\/wp\/v2\/types\/page"}],"author":[{"embeddable":true,"href":"https:\/\/web.ebsys.be\/eCommerce\/index.php?rest_route=\/wp\/v2\/users\/1"}],"replies":[{"embeddable":true,"href":"https:\/\/web.ebsys.be\/eCommerce\/index.php?rest_route=%2Fwp%2Fv2%2Fcomments&post=2215"}],"version-history":[{"count":21,"href":"https:\/\/web.ebsys.be\/eCommerce\/index.php?rest_route=\/wp\/v2\/pages\/2215\/revisions"}],"predecessor-version":[{"id":2466,"href":"https:\/\/web.ebsys.be\/eCommerce\/index.php?rest_route=\/wp\/v2\/pages\/2215\/revisions\/2466"}],"wp:attachment":[{"href":"https:\/\/web.ebsys.be\/eCommerce\/index.php?rest_route=%2Fwp%2Fv2%2Fmedia&parent=2215"}],"curies":[{"name":"wp","href":"https:\/\/api.w.org\/{rel}","templated":true}]}}